{"id":273,"date":"2025-07-08T17:11:38","date_gmt":"2025-07-08T17:11:38","guid":{"rendered":"https:\/\/edu4food.erasmus.site\/?page_id=273"},"modified":"2026-03-21T19:18:11","modified_gmt":"2026-03-21T19:18:11","slug":"edu4food-interactive-space","status":"publish","type":"page","link":"https:\/\/edu4food.erasmus.site\/pl\/edu4food-interactive-space\/","title":{"rendered":"Interaktywna przestrze\u0144 EDU4Food"},"content":{"rendered":"<p><strong>Zestaw szkoleniowy EDU4Food<\/strong> to zas\u00f3b edukacyjny zaprojektowany w celu inspirowania m\u0142odych ludzi do stosowania zr\u00f3wnowa\u017conych praktyk \u017cywieniowych, zgodnie ze strategi\u0105 UE \u201eOd pola do sto\u0142u\u201d. Zapewnia kompleksow\u0105 wiedz\u0119 na tematy takie jak zr\u00f3wnowa\u017cona produkcja \u017cywno\u015bci, jej bezpiecze\u0144stwo, przetwarzanie, dystrybucja, konsumpcja oraz redukcja marnotrawstwa \u017cywno\u015bci. Zestaw zawiera interaktywne quizy i gry online, zr\u00f3wnowa\u017cone przepisy oraz warsztaty gotowania, sekcj\u0119 po\u015bwi\u0119con\u0105 mo\u017cliwo\u015bciom kariery, prezentuj\u0105c\u0105 innowacyjne modele w sektorze spo\u017cywczym, a tak\u017ce przewodnik po dzia\u0142aniach wspieraj\u0105cy osoby pracuj\u0105ce z m\u0142odzie\u017c\u0105 w projektowaniu skutecznych do\u015bwiadcze\u0144 edukacyjnych w zakresie \u017cywno\u015bci.<\/p>\n<p>Wszystkie te zasoby i wiele wi\u0119cej o\u017cywa w <strong>Interaktywnej Przestrzeni EDU4Food<\/strong> \u2013 immersyjnej, cyfrowej platformie dost\u0119pnej poprzez stron\u0119 internetow\u0105 projektu.<\/p>\n<p style=\"text-align: center;\"><a class=\"btn btn-primary\" role=\"button\" href=\"https:\/\/edu4food.erasmus.site\/interactive-space\/\" target=\"_blank\" rel=\"noopener\">Kliknij, aby przej\u015b\u0107 do przestrzeni interaktywnej<\/a><\/p>\n<p>Interaktywna przestrze\u0144 zosta\u0142a zaprojektowana z my\u015bl\u0105 o zaanga\u017cowaniu zar\u00f3wno <strong>m\u0142odych ludzi<\/strong>, jak i <strong>os\u00f3b pracuj\u0105cych z m\u0142odzie\u017c\u0105<\/strong>, oferuj\u0105c przyjazne dla u\u017cytkownika i dynamiczne \u015brodowisko. Zawiera dwa odr\u0119bne profile:<\/p>\n<p><strong>Profil m\u0142odzie\u017cowy:<\/strong><\/p>\n<ul>\n<li><strong>Przestrze\u0144 e-learningowa:<\/strong> Modu\u0142y WP2 dostosowane do przyst\u0119pnych prezentacji e-learningowych zawieraj\u0105ce zintegrowane quizy.<\/li>\n<li><strong>Gra Escape Room:<\/strong> Zabawne i edukacyjne do\u015bwiadczenie zwi\u0105zane ze zr\u00f3wnowa\u017conym rolnictwem, produkcj\u0105 \u017cywno\u015bci i \u017cywieniem.<\/li>\n<\/ul>\n<ul>\n<li><strong>Zak\u0142adka \u201eMo\u017cliwo\u015bci kariery\u201d:<\/strong> Inspiruj\u0105ce \u015bcie\u017cki kariery w zr\u00f3wnowa\u017conym przemy\u015ble spo\u017cywczym, przedstawione za pomoc\u0105 studi\u00f3w przypadk\u00f3w i przyk\u0142ad\u00f3w przedsi\u0119biorczo\u015bci.<\/li>\n<li><strong>Przepisy i warsztaty gotowania<\/strong>: Sezonowe, lokalne i zr\u00f3wnowa\u017cone przepisy, w tym pokazy gotowania opracowane w ramach WP2.<\/li>\n<\/ul>\n<p><strong>Profil pracownika m\u0142odzie\u017cowego:<\/strong><\/p>\n<ul>\n<li><strong>Modu\u0142y szkoleniowe i prezentacje<\/strong>: Gotowei edytowalne materia\u0142y szkoleniowe, gotowe do personalizacji.<\/li>\n<li><strong>Podr\u0119cznik aktywno\u015bci:<\/strong> Gotowe do u\u017cycia plany lekcji oraz metody edukacji pozaformalnej, takie jak warsztaty, wizyty w gospodarstwach rolnych czy ekspozycje \u017cywno\u015bci.<\/li>\n<li><strong>Repozytorium zasob\u00f3w:<\/strong> Wyselekcjonowana kolekcja materia\u0142\u00f3w dydaktycznych, studi\u00f3w przypadku i dobrych praktyk dotycz\u0105cych zr\u00f3wnowa\u017conych system\u00f3w \u017cywno\u015bciowych.<\/li>\n<\/ul>\n<p>Ta innowacyjna przestrze\u0144 umo\u017cliwia zar\u00f3wno m\u0142odym ludziom, jak i nauczycielom nauk\u0119, nauczanie oraz promowanie zr\u00f3wnowa\u017conych praktyk \u017cywieniowych w anga\u017cuj\u0105cy, praktyczny i kreatywny spos\u00f3b.<\/p>\n<p><strong>Po zako\u0144czeniu dzia\u0142a\u0144 szkoleniowych uczestnicy otrzymaj\u0105 cyfrowe certyfikaty potwierdzaj\u0105ce zdobyt\u0105 wiedz\u0119. <\/strong><\/p>\n<p><img fetchpriority=\"high\" decoding=\"async\" src=\"https:\/\/edu4food.erasmus.site\/wp-content\/uploads\/2025\/07\/edu4food-website-607x1024.webp\" sizes=\"(max-width: 607px) 100vw, 607px\" srcset=\"https:\/\/edu4food.erasmus.site\/wp-content\/uploads\/2025\/07\/edu4food-website-607x1024.webp 607w, https:\/\/edu4food.erasmus.site\/wp-content\/uploads\/2025\/07\/edu4food-website-178x300.webp 178w, https:\/\/edu4food.erasmus.site\/wp-content\/uploads\/2025\/07\/edu4food-website-768x1295.webp 768w, https:\/\/edu4food.erasmus.site\/wp-content\/uploads\/2025\/07\/edu4food-website-911x1536.webp 911w, https:\/\/edu4food.erasmus.site\/wp-content\/uploads\/2025\/07\/edu4food-website-1214x2048.webp 1214w, https:\/\/edu4food.erasmus.site\/wp-content\/uploads\/2025\/07\/edu4food-website-14x24.webp 14w, https:\/\/edu4food.erasmus.site\/wp-content\/uploads\/2025\/07\/edu4food-website-21x36.webp 21w, https:\/\/edu4food.erasmus.site\/wp-content\/uploads\/2025\/07\/edu4food-website-28x48.webp 28w, https:\/\/edu4food.erasmus.site\/wp-content\/uploads\/2025\/07\/edu4food-website.webp 1366w\" alt=\"\" width=\"607\" height=\"1024\" \/><\/p>","protected":false},"excerpt":{"rendered":"<p>Zestaw szkoleniowy EDU4Food to zas\u00f3b edukacyjny zaprojektowany w celu inspirowania m\u0142odych ludzi do stosowania zr\u00f3wnowa\u017conych praktyk \u017cywieniowych, zgodnie ze strategi\u0105 UE \u201eOd pola do sto\u0142u\u201d. Zapewnia kompleksow\u0105 wiedz\u0119 na tematy takie jak zr\u00f3wnowa\u017cona produkcja \u017cywno\u015bci, jej bezpiecze\u0144stwo, przetwarzanie, dystrybucja, konsumpcja oraz redukcja marnotrawstwa \u017cywno\u015bci. Zestaw zawiera interaktywne quizy i gry online, zr\u00f3wnowa\u017cone przepisy oraz warsztaty&hellip;&nbsp;<\/p>\n","protected":false},"author":1,"featured_media":0,"parent":0,"menu_order":0,"comment_status":"closed","ping_status":"closed","template":"","meta":{"neve_meta_sidebar":"","neve_meta_container":"","neve_meta_enable_content_width":"off","neve_meta_content_width":100,"neve_meta_title_alignment":"","neve_meta_author_avatar":"","neve_post_elements_order":"","neve_meta_disable_header":"","neve_meta_disable_footer":"","neve_meta_disable_title":"","footnotes":""},"class_list":["post-273","page","type-page","status-publish","hentry"],"_links":{"self":[{"href":"https:\/\/edu4food.erasmus.site\/pl\/wp-json\/wp\/v2\/pages\/273","targetHints":{"allow":["GET"]}}],"collection":[{"href":"https:\/\/edu4food.erasmus.site\/pl\/wp-json\/wp\/v2\/pages"}],"about":[{"href":"https:\/\/edu4food.erasmus.site\/pl\/wp-json\/wp\/v2\/types\/page"}],"author":[{"embeddable":true,"href":"https:\/\/edu4food.erasmus.site\/pl\/wp-json\/wp\/v2\/users\/1"}],"replies":[{"embeddable":true,"href":"https:\/\/edu4food.erasmus.site\/pl\/wp-json\/wp\/v2\/comments?post=273"}],"version-history":[{"count":27,"href":"https:\/\/edu4food.erasmus.site\/pl\/wp-json\/wp\/v2\/pages\/273\/revisions"}],"predecessor-version":[{"id":338,"href":"https:\/\/edu4food.erasmus.site\/pl\/wp-json\/wp\/v2\/pages\/273\/revisions\/338"}],"wp:attachment":[{"href":"https:\/\/edu4food.erasmus.site\/pl\/wp-json\/wp\/v2\/media?parent=273"}],"curies":[{"name":"wp","href":"https:\/\/api.w.org\/{rel}","templated":true}]}}