{"id":232,"date":"2024-09-12T14:47:06","date_gmt":"2024-09-12T14:47:06","guid":{"rendered":"https:\/\/www.edu4food.erasmus.site\/?page_id=232"},"modified":"2024-09-20T15:19:26","modified_gmt":"2024-09-20T15:19:26","slug":"edu4food-privacy-policy","status":"publish","type":"page","link":"https:\/\/edu4food.erasmus.site\/pl\/edu4food-privacy-policy\/","title":{"rendered":"Polityka prywatno\u015bci EDU4Food"},"content":{"rendered":"<p>Zgodnie z Europejsk\u0105 ustaw\u0105 o ochronie danych osobowych &#8211; og\u00f3lne rozporz\u0105dzenie o ochronie danych (RODO) &#8211; pragniemy poinformowa\u0107, \u017ce Twoje dane osobowe, kt\u00f3re musisz poda\u0107, aby uzyska\u0107 dost\u0119p do opracowanego narz\u0119dzia online s\u0105 wy\u0142\u0105cznie do cel\u00f3w administracyjnych. Aby uzyska\u0107 szczeg\u00f3\u0142owe informacje, zapoznaj si\u0119 z nasz\u0105 polityk\u0105 prywatno\u015bci.<\/p>\n<p>Ilekro\u0107 w poni\u017cszej Polityce prywatno\u015bci mowa jest o &#8222;us\u0142udze&#8221;, oznacza to narz\u0119dzie online utworzone w ramach projektu EDU4Food (numer projektu 2023-2-DK01-KA220-YOU-000177114), dost\u0119pne \u00a0pod adresem https:\/\/edu4food.erasmus.site finansowane przez Komisj\u0119 Europejsk\u0105 w ramach programu Erasmus +.<\/p>\n<p>Stowarzyszenie \u201cCentrum Wspierania Edukacji i Przedsi\u0119biorczo\u015bci\u201d (dalej zwane CWEP), 35-068, ul. Grunwaldzka 16C, zarejestrowane w S\u0105dzie Rejonowym w Rzeszowie, XII Wydzia\u0142 Gospodarczy KRS, Numer KRS 0000211526, posiadacz NIP: 813-351-94-55 i numeru REGON 180189259, jest administratorem danych osobowych w zwi\u0105zku z korzystaniem z us\u0142ugi, zwane dalej &#8222;danymi osobowymi&#8221;. Dostarczone dane osobowe s\u0105 przetwarzane zgodnie z rozporz\u0105dzeniem (UE) 2016\/679 Parlamentu Europejskiego i Rady z dnia 27 kwietnia 2016 r. W sprawie ochrony os\u00f3b fizycznych w zwi\u0105zku z przetwarzaniem danych osobowych i swobodnym przep\u0142ywem takich danych.<\/p>\n<p>Korzystanie z us\u0142ugi \u015bwiadczonej przez CWEP oznacza, \u017ce wyra\u017casz zgod\u0119 na zbieranie informacji i wykorzystywanie tych informacji w spos\u00f3b zgodny z zasadami okre\u015blonymi w niniejszym dokumencie.<\/p>\n<p>Dane osobowe, kt\u00f3re s\u0105 przetwarzane, s\u0105 przechowywane w okresie korzystania z us\u0142ugi. Je\u017celi us\u0142uga nie by\u0142a u\u017cywana (dost\u0119p do niej) przez okres 12 miesi\u0119cy, dane osobowe mog\u0105 zosta\u0107 trwale usuni\u0119te zgodnie z niniejsz\u0105 Polityk\u0105 prywatno\u015bci.<\/p>\n<p>U\u017cytkownik ma prawo w ka\u017cdej chwili wycofa\u0107 zgod\u0119 na przetwarzanie danych osobowych. Wycofanie zgody nie wp\u0142ywa na zgodne z prawem przetwarzanie na podstawie zgody danej przed jej wycofaniem. U\u017cytkownik ma prawo z\u0142o\u017cy\u0107 skarg\u0119 do organu nadzorczego.<\/p>\n<p><strong>Jakie dane zbieramy<\/strong><\/p>\n<p>Aby skorzysta\u0107 z us\u0142ugi, nale\u017cy poda\u0107 dane osobowe (imi\u0119 i nazwisko, adres e-mail i\u00a0opcjonalnie dane, kt\u00f3re mo\u017cna dodatkowo poda\u0107 w profilu). Je\u015bli nie podasz tych informacji, nie b\u0119dziemy mogli zapewni\u0107 Ci dost\u0119pu do us\u0142ugi.<\/p>\n<p>Nale\u017cy zauwa\u017cy\u0107, \u017ce zgoda stron trzecich jest wymagana w przypadku ujawnienia danych osobowych os\u00f3b trzecich stowarzyszeniu CWEP. CWEP zwraca si\u0119 z pro\u015bb\u0105 o podanie wszystkich danych osobowych wa\u017cnych, dok\u0142adnych, aktualnych, a\u00a0wszelkie zmiany nale\u017cy wprowadzi\u0107 tak szybko, jak to mo\u017cliwe.<\/p>\n<p>Za ka\u017cdym razem, gdy uzyskujesz dost\u0119p do us\u0142ugi, nasz serwer sieciowy automatycznie pobiera informacje zwi\u0105zane z odwiedzinami. Informacje te obejmuj\u0105: domen\u0119 URL lub domen\u0119 witryny, rodzaj u\u017cywanej przegl\u0105darki, system operacyjny, strony internetowe, do kt\u00f3rych uzyskano dost\u0119p oraz dat\u0119 i godzin\u0119 wizyty. Ponadto pseudonimizowane dane dotycz\u0105ce odwiedzin s\u0105 gromadzone i wykorzystywane wy\u0142\u0105cznie w celu \u015bwiadczenia pomocy technicznej, a tak\u017ce w celu zabezpieczenia naszych praw w przypadku naruszenia bezpiecze\u0144stwa lub naruszenia korzystania z\u00a0us\u0142ugi. Je\u015bli takie informacje zostan\u0105 Ci przypisane, takie dzia\u0142ania zostan\u0105 podj\u0119te zgodnie z niniejsz\u0105 polityk\u0105 prywatno\u015bci.<\/p>\n<p>Wszystkie dane wymagane do zalogowania si\u0119 pomi\u0119dzy odwiedzaj\u0105cym serwis, a\u00a0CWEP s\u0105 zaszyfrowane, co pomaga zminimalizowa\u0107 ryzyko wycieku danych.<\/p>\n<p><strong>Cel wykorzystania informacji<\/strong><\/p>\n<p>Zbi\u00f3r danych osobowych przez CWEP ma na celu zapewnienie U\u017cytkownikom bezpiecznego, bezproblemowego i dopasowanego do nich dost\u0119pu do us\u0142ugi. Ponadto dane osobowe przekazane CWEP s\u0105 u\u017cywane przez CWEP w celu zarejestrowania u\u017cytkownika i udzielenia dost\u0119pu do us\u0142ugi.<\/p>\n<p>Dane osobowe lub ich cz\u0119\u015bci mog\u0105 by\u0107 r\u00f3wnie\u017c udost\u0119pniane innym u\u017cytkownikom us\u0142ugi w zale\u017cno\u015bci od ustawie\u0144 profilu u\u017cytkownika.<\/p>\n<p>Stowarzyszenie CWEP gromadzi i przetwarza dane osobowe U\u017cytkownik\u00f3w lub zleca te czynno\u015bci w imieniu stowarzyszenia, w zakresie dozwolonym lub koniecznym do zapewnienia U\u017cytkownikowi us\u0142ug i pomocy w rozwi\u0105zywaniu problem\u00f3w, por\u00f3wnywania informacji w celu zapewnienia ich dok\u0142adno\u015bci, rozwi\u0105zania sporu, zweryfikowania to\u017csamo\u015bci U\u017cytkownika, dostosowania, przeanalizowania i\u00a0udoskonalenia us\u0142ugi, aby chroni\u0107 interesy U\u017cytkownika i CWEP, oraz w celu zapobiegania oszustwom i ich zwalczania. Dostarczone dane osobowe mog\u0105 by\u0107 r\u00f3wnie\u017c wykorzystywane do zapewnienia wsparcia technicznego, opracowania nowych funkcjonalno\u015bci w oparciu o \u015bwiadczon\u0105 us\u0142ug\u0119, a tak\u017ce poprawy ich w celu zwi\u0119kszenia \u0142atwo\u015bci korzystania z us\u0142ugi.<\/p>\n<p><strong>Zasady przechowywania danych i tworzenia kopii zapasowych<\/strong><\/p>\n<p>Wszystkie systemy produkcyjne s\u0105 zabezpieczone codziennymi kopiami zapasowymi, kt\u00f3re umo\u017cliwiaj\u0105 CWEP szybko reagowa\u0107 w przypadku niespodziewanych zdarze\u0144, takich jak na przyk\u0142ad awaria sprz\u0119tu. Oznacza to, \u017ce po otrzymaniu \u017c\u0105dania usuni\u0119cia danych osobowych jest on usuwany bez zb\u0119dnych op\u00f3\u017anie\u0144 z system\u00f3w produkcyjnych, ale nadal jest obecny w kopiach zapasowych. Dane osobowe s\u0105 ostatecznie usuwane ca\u0142kowicie po pe\u0142nym cyklu tworzenia kopii zapasowych, kt\u00f3ry trwa do 60 dni kalendarzowych.<\/p>\n<p><strong>Ujawnianie danych stronom trzecim<\/strong><\/p>\n<p>Zebrane dane osobowe nie zostan\u0105 sprzedane, ani ujawnione w jakikolwiek spos\u00f3b stronom trzecim chyba, \u017ce obowi\u0105zek taki wynika z przepis\u00f3w prawa, w przypadku naruszenia obowi\u0105zuj\u0105cych przepis\u00f3w lub w celu ochrony praw CWEP lub innych os\u00f3b przed nielegalnymi lub szkodliwymi dzia\u0142aniami.<\/p>\n<p>CWEP mo\u017ce zosta\u0107 zobowi\u0105zany do ujawnienia danych osobowych agencji krajowej Erasmus + odpowiedzialnej za dany projekt w celu przeprowadzenia audytu. Taki wniosek mo\u017ce r\u00f3wnie\u017c zosta\u0107 wydany przez organ nadzorczy Agencji Krajowej Erasmus +, a mianowicie Komisji Europejskiej.<br \/>\nStowarzyszenie CWEP zastrzega sobie prawo do ujawnienia danych osobowych okre\u015blonym podmiotom zewn\u0119trznym zleconym przez CWEP do wykonywania niekt\u00f3rych bie\u017c\u0105cych operacji zwi\u0105zanych z dzia\u0142alno\u015bci\u0105 gospodarcz\u0105. Nale\u017cy zauwa\u017cy\u0107, \u017ce CWEP do\u0142o\u017cy nale\u017cytej staranno\u015bci, aby zapewni\u0107, \u017ce osoby trzecie, kt\u00f3rym ujawniane b\u0119d\u0105 dane osobowe do wy\u017cej wymienionych cel\u00f3w, b\u0119d\u0105 traktowa\u0107 dane osobowe ujawniane zgodnie z Polityk\u0105 Prywatno\u015bci CWEP oraz w spos\u00f3b zgodny z obowi\u0105zuj\u0105cym prawem. Ponadto dane osobowe u\u017cytkownika mog\u0105 zosta\u0107 ujawnione w przypadku zmiany statutu stowarzyszenia CWEP.<\/p>\n<p><strong>Ciasteczka<\/strong><\/p>\n<p>Wykorzystanie plik\u00f3w cookie przez CWEP jest wymagane, aby zapewni\u0107 optymaln\u0105 funkcjonalno\u015b\u0107 us\u0142ugi. Pliki cookie s\u0105 przechowywane na dysku twardym i mog\u0105 by\u0107 wykorzystywane do dostosowania indywidualnych preferencji U\u017cytkownik\u00f3w oraz do zbierania og\u00f3lnych danych statystycznych.<\/p>\n<p><strong>Zmiany w danych osobowych<\/strong><\/p>\n<p>U\u017cytkownik ma prawo za\u017c\u0105da\u0107 dost\u0119pu do danych osobowych oraz ich poprawienia lub usuni\u0119cia (\u201eprawo do bycia zapomnianym\u201d) danych osobowych lub ograniczenia przetwarzania dotycz\u0105cego podmiotu danych lub sprzeciwi\u0107 si\u0119 przetwarzaniu, jak r\u00f3wnie\u017c realizacji prawa do przenoszenia danych. Niekt\u00f3re informacje mog\u0105 by\u0107 wy\u015bwietlane i edytowane za po\u015brednictwem Internetu za pomoc\u0105 przegl\u0105darki internetowej po zalogowaniu si\u0119 do us\u0142ugi \u015bwiadczonej przez CWEP.<\/p>\n<p>CWEP odpowiada na \u017c\u0105dania dotycz\u0105ce wy\u015bwietlania, poprawiania, uzupe\u0142niania i\u00a0usuwania danych osobowych w rozs\u0105dnym czasie i po sprawdzeniu to\u017csamo\u015bci U\u017cytkownika.<\/p>\n<p>CWEP do\u0142o\u017cy wszelkich uzasadnionych stara\u0144, aby spe\u0142ni\u0107 \u017c\u0105dania U\u017cytkownik\u00f3w dotycz\u0105ce usuni\u0119cia danych osobowych chyba, \u017ce dane te musz\u0105 by\u0107 przechowywane z powodu obowi\u0105zuj\u0105cego prawa lub zgodnie z prawem cel\u00f3w biznesowych.<\/p>\n<p><strong>Dezaktywacja konta<\/strong><\/p>\n<p>Po otrzymaniu pro\u015bby o usuni\u0119cie danych osobowych przez CWEP dane osobowe, o\u00a0kt\u00f3rych mowa, zostan\u0105 zablokowane bez zb\u0119dnej zw\u0142oki, a dost\u0119p do us\u0142ugi nie b\u0119dzie ju\u017c mo\u017cliwy. Dane osobowe b\u0119d\u0105 przechowywane przez okres do 30 dni kalendarzowych, co umo\u017cliwi ich odzyskanie w przypadku omy\u0142kowego zg\u0142oszenia pro\u015bby o dezaktywacj\u0119 konta. Po 30 dniach kalendarzowych przywr\u00f3cenie danych osobowych nie b\u0119dzie ju\u017c mo\u017cliwe.<\/p>\n<p>Aby zachowa\u0107 bie\u017c\u0105ce dzia\u0142ania i zapobiec nieporozumieniom dla innych u\u017cytkownik\u00f3w, niekt\u00f3re tre\u015bci nie zostan\u0105 usuni\u0119te. Obejmuje to wszystkie informacje dostarczone i wprowadzone do tej us\u0142ugi (takie jak na przyk\u0142ad wiadomo\u015bci lub pliki). Po dezaktywacji konta informacje te b\u0119d\u0105 oznaczone, jako \u201eWy\u0142\u0105czony u\u017cytkownik\u201d. Przed \u017c\u0105daniem dezaktywacji konta powy\u017csz\u0105 tre\u015b\u0107 mo\u017cna usun\u0105\u0107 r\u0119cznie.<\/p>\n<p><strong>Dzieci<\/strong><\/p>\n<p>Us\u0142uga nie jest przeznaczona dla dzieci poni\u017cej 18 roku \u017cycia, a tak\u017ce nie ma na celu przyci\u0105gni\u0119cia ich uwagi. CWEP nie zbiera danych osobowych od dzieci w wieku poni\u017cej 18 lat oraz w niekt\u00f3rych jurysdykcjach od dzieci w wieku 18 lat, w spos\u00f3b zamierzony. Zach\u0119camy rodzic\u00f3w do zainteresowania si\u0119 dzia\u0142alno\u015bci\u0105 internetow\u0105 ich dzieci, aby zagwarantowa\u0107, \u017ce nie uzyskamy \u017cadnych informacji od dzieci bez zgody rodzic\u00f3w.<\/p>\n<p><strong>Bezpiecze\u0144stwo<\/strong><\/p>\n<p>CWEP stosuje \u015brodki techniczne i organizacyjne w celu ochrony danych osobowych zbieranych przez CWEP z nieautoryzowanego dost\u0119pu lub niew\u0142a\u015bciwego u\u017cytkowania przez osoby nieuprawnione. Stosowane metody i \u015brodki techniczne zosta\u0142y ulepszone wraz z rozwojem nowych technologii, potrzeb i dost\u0119pnych metod ochrony.<\/p>\n<p><strong>Ochrona i przechowywanie danych<\/strong><\/p>\n<p>Informacje zbierane przez CWEP s\u0105 przechowywane przez rozs\u0105dny okres czasu, aby umo\u017cliwi\u0107 ich wykorzystanie do cel\u00f3w okre\u015blonych w niniejszym dokumencie. Stowarzyszenie CWEP mo\u017ce korzysta\u0107 z us\u0142ug stron trzecich (firm) w celu gromadzenia i przechowywania zebranych informacji w jego imieniu. Wszystkie takie firmy b\u0119d\u0105 musia\u0142y spe\u0142nia\u0107 wymagania niniejszej polityki prywatno\u015bci.<\/p>\n<p><strong>Zmiany w polityce prywatno\u015bci<\/strong><\/p>\n<p>CWEP zastrzega sobie prawo do zmiany zasad niniejszej polityki prywatno\u015bci w\u00a0dowolnym momencie. Prawa u\u017cytkownika wynikaj\u0105ce z niniejszej polityki prywatno\u015bci nie b\u0119d\u0105 ograniczone bez zgody u\u017cytkownika.<br \/>\nWszelkie zmiany w niniejszej polityce prywatno\u015bci b\u0119d\u0105 publikowane w przejrzysty spos\u00f3b na temat us\u0142ugi oferowanej przez CWEP. U\u017cytkownicy CWEP s\u0105 zwi\u0105zani niniejsz\u0105 wersj\u0105 polityki prywatno\u015bci. Poprzednie wersje niniejszej polityki prywatno\u015bci s\u0105 przechowywane w archiwach, aby umo\u017cliwi\u0107 U\u017cytkownikom zapoznanie si\u0119 z nimi, je\u015bli to konieczne.<\/p>\n<p><strong>Kontakt<\/strong><\/p>\n<p>Wszystkie pro\u015bby o dost\u0119p do Twoich informacji, modyfikacj\u0119 Twoich informacji lub pytania dotycz\u0105ce tej Polityki Prywatno\u015bci nale\u017cy przesy\u0142a\u0107 za pomoc\u0105 naszego <a href=\"https:\/\/cwep.eu\/kontakt\/\">formularza kontaktowego<\/a>, <a href=\"mailto:office@cwep.eu\">e-mailem<\/a> lub pisemnie na poni\u017cszy adres:<\/p>\n<p><strong>Stowarzyszenie \u201eCentrum Wspierania Edukacji i Przedsi\u0119biorczo\u015bci\u201d<\/strong><br \/>\nul. Grunwaldzka 16C<br \/>\n35-068 Rzesz\u00f3w<br \/>\nPolska<\/p>","protected":false},"excerpt":{"rendered":"<p>Zgodnie z Europejsk\u0105 ustaw\u0105 o ochronie danych osobowych &#8211; og\u00f3lne rozporz\u0105dzenie o ochronie danych (RODO) &#8211; pragniemy poinformowa\u0107, \u017ce Twoje dane osobowe, kt\u00f3re musisz poda\u0107, aby uzyska\u0107 dost\u0119p do opracowanego narz\u0119dzia online s\u0105 wy\u0142\u0105cznie do cel\u00f3w administracyjnych. Aby uzyska\u0107 szczeg\u00f3\u0142owe informacje, zapoznaj si\u0119 z nasz\u0105 polityk\u0105 prywatno\u015bci. Ilekro\u0107 w poni\u017cszej Polityce prywatno\u015bci mowa jest o&hellip;&nbsp;<\/p>\n","protected":false},"author":1,"featured_media":0,"parent":0,"menu_order":0,"comment_status":"closed","ping_status":"closed","template":"","meta":{"neve_meta_sidebar":"","neve_meta_container":"","neve_meta_enable_content_width":"off","neve_meta_content_width":100,"neve_meta_title_alignment":"","neve_meta_author_avatar":"","neve_post_elements_order":"","neve_meta_disable_header":"","neve_meta_disable_footer":"","neve_meta_disable_title":"","footnotes":""},"class_list":["post-232","page","type-page","status-publish","hentry"],"_links":{"self":[{"href":"https:\/\/edu4food.erasmus.site\/pl\/wp-json\/wp\/v2\/pages\/232","targetHints":{"allow":["GET"]}}],"collection":[{"href":"https:\/\/edu4food.erasmus.site\/pl\/wp-json\/wp\/v2\/pages"}],"about":[{"href":"https:\/\/edu4food.erasmus.site\/pl\/wp-json\/wp\/v2\/types\/page"}],"author":[{"embeddable":true,"href":"https:\/\/edu4food.erasmus.site\/pl\/wp-json\/wp\/v2\/users\/1"}],"replies":[{"embeddable":true,"href":"https:\/\/edu4food.erasmus.site\/pl\/wp-json\/wp\/v2\/comments?post=232"}],"version-history":[{"count":2,"href":"https:\/\/edu4food.erasmus.site\/pl\/wp-json\/wp\/v2\/pages\/232\/revisions"}],"predecessor-version":[{"id":237,"href":"https:\/\/edu4food.erasmus.site\/pl\/wp-json\/wp\/v2\/pages\/232\/revisions\/237"}],"wp:attachment":[{"href":"https:\/\/edu4food.erasmus.site\/pl\/wp-json\/wp\/v2\/media?parent=232"}],"curies":[{"name":"wp","href":"https:\/\/api.w.org\/{rel}","templated":true}]}}