{"id":228,"date":"2024-09-12T09:29:54","date_gmt":"2024-09-12T09:29:54","guid":{"rendered":"https:\/\/www.edu4food.erasmus.site\/?page_id=228"},"modified":"2025-03-06T13:28:03","modified_gmt":"2025-03-06T13:28:03","slug":"agd","status":"publish","type":"page","link":"https:\/\/edu4food.erasmus.site\/pl\/agd\/","title":{"rendered":"Ambassadors Log"},"content":{"rendered":"    <div class=\"page-with-form\">\n        <div class=\"form-container\">\n            <h1 class=\"form-title\">Ambassadors Log<\/h1>\n            <h2 class=\"form-subtitle\">\n                Wype\u0142nij formularz, podaj\u0105c prawid\u0142owe dane, aby otrzyma\u0107 przewodnik dla ambasador\u00f3w projektu EDU4FOOD. Po przes\u0142aniu formularza b\u0119dziesz mie\u0107 mo\u017cliwo\u015b\u0107 wyboru pliku w j\u0119zyku angielskim lub w j\u0119zyku wybranym w polu \u201eKraj\u201d.             <\/h2>\n            <form id=\"custom-form\" method=\"post\">\n                <div class=\"form-group\">\n                    <label for=\"name\">Imi\u0119<\/label>\n                    <input type=\"text\" class=\"form-control\" id=\"name\" name=\"name\" required>\n                <\/div>\n                <div class=\"form-group\">\n                    <label for=\"country\">Kraj<\/label>\n                    <select class=\"form-control\" id=\"country\" name=\"country\" required>\n                        <option value=\"DK\">Dania<\/option>\n                        <option value=\"FR\">Francja<\/option>\n                        <option value=\"EL\">Grecja<\/option>\n                        <option value=\"CY\">Cypr<\/option>\n                        <option value=\"PL\">Polska<\/option>\n                        <option value=\"other\">Inny<\/option>\n                        <!-- Dodaj inne kraje -->\n                    <\/select>\n                <\/div>\n                <div class=\"form-group\" id=\"other-country-group\" style=\"display:none;\">\n    <label for=\"other-country\">Wpisz poni\u017cej sw\u00f3j kraj<\/label>\n    <input type=\"text\" class=\"form-control\" id=\"other-country\" name=\"other_country\">\n<\/div>\n                <div class=\"form-group\">\n                    <label for=\"email\">E-mail<\/label>\n                    <input type=\"email\" class=\"form-control\" id=\"email\" name=\"email\" required>\n                <\/div>\n                <div class=\"form-group\">\n                    <input type=\"checkbox\" id=\"privacy_policy\" name=\"privacy_policy\" required>\n                    <label for=\"privacy_policy\">\n                        Akceptuj\u0119                        <a href=\"https:\/\/www.edu4food.erasmus.site\/edu4food-privacy-policy\" target=\"_blank\" rel=\"noopener noreferrer\">\n                            Polityk\u0119 Prywatno\u015bci                        <\/a>\n                    <\/label>\n                <\/div>\n                <button type=\"submit\" class=\"btn btn-primary\">Wy\u015blij i pobierz<\/button>\n            <\/form>\n\n            <!-- Popup Bootstrap -->\n            <div class=\"modal fade\" id=\"downloadModal\" tabindex=\"-1\" role=\"dialog\" aria-labelledby=\"downloadModalLabel\" aria-hidden=\"true\">\n                <div class=\"modal-dialog\" role=\"document\">\n                    <div class=\"modal-content\">\n                        <div class=\"modal-header\">\n                            <h5 class=\"modal-title\" id=\"downloadModalLabel\">Pobierz Przewodnik Ambasadora<\/h5>\n                            <button type=\"button\" class=\"close\" data-dismiss=\"modal\" aria-label=\"Close\">\n                                <span aria-hidden=\"true\">&times;<\/span>\n                            <\/button>\n                        <\/div>\n                        <div class=\"modal-body text-center\">\n                            <p>Wybierz plik do pobrania<\/p>\n                            <button id=\"download-en\" class=\"btn btn-primary mb-2\" style=\"display:none;\">\n                                <!-- Wstaw SVG jako obrazek -->\n                                <img decoding=\"async\" src=\"https:\/\/edu4food.erasmus.site\/wp-content\/plugins\/edu4food-plugin\/svg\/download.svg\" alt=\"Download Icon\" style=\"width: 16px; height: 16px; margin-right: 8px;\">\n                                Pobierz Przewodnik w j\u0119zyku angielskim                            <\/button>\n\n                            <button id=\"download-country\" class=\"btn btn-secondary\" style=\"display:none;\">\n                                <!-- Wstaw SVG jako obrazek -->\n                                <img decoding=\"async\" src=\"https:\/\/edu4food.erasmus.site\/wp-content\/plugins\/edu4food-plugin\/svg\/download.svg\" alt=\"Download Icon\" style=\"width: 16px; height: 16px; margin-right: 8px;\">\n                                Pobierz przewodnik w swoim j\u0119zyku narodowym                            <\/button>\n                        <\/div>\n                    <\/div>\n                <\/div>\n            <\/div>\n        <\/div>\n    <\/div>\n    \n","protected":false},"excerpt":{"rendered":"","protected":false},"author":1,"featured_media":0,"parent":0,"menu_order":0,"comment_status":"closed","ping_status":"closed","template":"","meta":{"neve_meta_sidebar":"","neve_meta_container":"","neve_meta_enable_content_width":"off","neve_meta_content_width":100,"neve_meta_title_alignment":"","neve_meta_author_avatar":"","neve_post_elements_order":"","neve_meta_disable_header":"","neve_meta_disable_footer":"","neve_meta_disable_title":"on","footnotes":""},"class_list":["post-228","page","type-page","status-publish","hentry"],"_links":{"self":[{"href":"https:\/\/edu4food.erasmus.site\/pl\/wp-json\/wp\/v2\/pages\/228","targetHints":{"allow":["GET"]}}],"collection":[{"href":"https:\/\/edu4food.erasmus.site\/pl\/wp-json\/wp\/v2\/pages"}],"about":[{"href":"https:\/\/edu4food.erasmus.site\/pl\/wp-json\/wp\/v2\/types\/page"}],"author":[{"embeddable":true,"href":"https:\/\/edu4food.erasmus.site\/pl\/wp-json\/wp\/v2\/users\/1"}],"replies":[{"embeddable":true,"href":"https:\/\/edu4food.erasmus.site\/pl\/wp-json\/wp\/v2\/comments?post=228"}],"version-history":[{"count":4,"href":"https:\/\/edu4food.erasmus.site\/pl\/wp-json\/wp\/v2\/pages\/228\/revisions"}],"predecessor-version":[{"id":252,"href":"https:\/\/edu4food.erasmus.site\/pl\/wp-json\/wp\/v2\/pages\/228\/revisions\/252"}],"wp:attachment":[{"href":"https:\/\/edu4food.erasmus.site\/pl\/wp-json\/wp\/v2\/media?parent=228"}],"curies":[{"name":"wp","href":"https:\/\/api.w.org\/{rel}","templated":true}]}}