{"id":11,"date":"2024-05-11T08:29:25","date_gmt":"2024-05-11T08:29:25","guid":{"rendered":"https:\/\/www.edu4food.erasmus.site\/?page_id=11"},"modified":"2025-06-25T12:41:17","modified_gmt":"2025-06-25T12:41:17","slug":"home","status":"publish","type":"page","link":"https:\/\/edu4food.erasmus.site\/pl\/","title":{"rendered":"Strona g\u0142\u00f3wna"},"content":{"rendered":"\t\t<div data-elementor-type=\"wp-page\" data-elementor-id=\"11\" class=\"elementor elementor-11\">\n\t\t\t\t<div class=\"elementor-element elementor-element-a2141f5 e-flex e-con-boxed e-con e-parent\" data-id=\"a2141f5\" data-element_type=\"container\" data-e-type=\"container\" data-settings=\"{&quot;background_background&quot;:&quot;video&quot;,&quot;background_video_link&quot;:&quot;https:\\\/\\\/www.edu4food.erasmus.site\\\/wp-content\\\/uploads\\\/2024\\\/07\\\/5254942_Life_Seedling_1920x1080-online-video-cutter.com_.mp4&quot;,&quot;background_play_on_mobile&quot;:&quot;yes&quot;}\">\n\t\t\t\t\t<div class=\"e-con-inner\">\n\t\t<div class=\"elementor-background-video-container\">\n\t\t\t\t\t\t\t<video class=\"elementor-background-video-hosted\" role=\"presentation\" autoplay muted playsinline loop><\/video>\n\t\t\t\t\t<\/div><div class=\"elementor-element elementor-element-31f35a2 e-flex e-con-boxed elementor-invisible e-con e-child\" data-id=\"31f35a2\" data-element_type=\"container\" data-e-type=\"container\" data-settings=\"{&quot;animation&quot;:&quot;fadeInLeft&quot;}\">\n\t\t\t\t\t<div class=\"e-con-inner\">\n\t\t\t\t<div class=\"elementor-element elementor-element-28f05fa elementor-widget elementor-widget-heading\" data-id=\"28f05fa\" data-element_type=\"widget\" data-e-type=\"widget\" data-widget_type=\"heading.default\">\n\t\t\t\t<div class=\"elementor-widget-container\">\n\t\t\t\t\t<h2 class=\"elementor-heading-title elementor-size-default\">EDU4Food: Educating youth towards sustainable, healthy and equitable food systems<\/h2>\t\t\t\t<\/div>\n\t\t\t\t<\/div>\n\t\t\t\t<div class=\"elementor-element elementor-element-04a41fa elementor-widget elementor-widget-heading\" data-id=\"04a41fa\" data-element_type=\"widget\" data-e-type=\"widget\" data-widget_type=\"heading.default\">\n\t\t\t\t<div class=\"elementor-widget-container\">\n\t\t\t\t\t<h3 class=\"elementor-heading-title elementor-size-default\">Sektor: m\u0142odzie\u017c<\/h3>\t\t\t\t<\/div>\n\t\t\t\t<\/div>\n\t\t\t\t<div class=\"elementor-element elementor-element-2c9e1d9 elementor-widget elementor-widget-text-editor\" data-id=\"2c9e1d9\" data-element_type=\"widget\" data-e-type=\"widget\" data-widget_type=\"text-editor.default\">\n\t\t\t\t<div class=\"elementor-widget-container\">\n\t\t\t\t\t\t\t\t\t<p>Numer projektu: 2023-2-DK01-KA220-YOU-000177114<br \/>Czas realizacji: 01.03.2024 \u2013 28.02.2026<\/p>\t\t\t\t\t\t\t\t<\/div>\n\t\t\t\t<\/div>\n\t\t\t\t\t<\/div>\n\t\t\t\t<\/div>\n\t\t\t\t\t<\/div>\n\t\t\t\t<\/div>\n\t\t<div class=\"elementor-element elementor-element-3a617ae e-flex e-con-boxed e-con e-parent\" data-id=\"3a617ae\" data-element_type=\"container\" data-e-type=\"container\">\n\t\t\t\t\t<div class=\"e-con-inner\">\n\t\t<div class=\"elementor-element elementor-element-1fac38f e-con-full e-flex elementor-invisible e-con e-child\" data-id=\"1fac38f\" data-element_type=\"container\" data-e-type=\"container\" data-settings=\"{&quot;background_background&quot;:&quot;gradient&quot;,&quot;animation&quot;:&quot;fadeInLeft&quot;}\">\n\t\t\t\t<div class=\"elementor-element elementor-element-59b601e elementor-widget elementor-widget-menu-anchor\" data-id=\"59b601e\" data-element_type=\"widget\" data-e-type=\"widget\" data-widget_type=\"menu-anchor.default\">\n\t\t\t\t<div class=\"elementor-widget-container\">\n\t\t\t\t\t\t\t<div class=\"elementor-menu-anchor\" id=\"about\"><\/div>\n\t\t\t\t\t\t<\/div>\n\t\t\t\t<\/div>\n\t\t\t\t<div class=\"elementor-element elementor-element-be70dc5 elementor-widget elementor-widget-heading\" data-id=\"be70dc5\" data-element_type=\"widget\" data-e-type=\"widget\" data-widget_type=\"heading.default\">\n\t\t\t\t<div class=\"elementor-widget-container\">\n\t\t\t\t\t<h2 class=\"elementor-heading-title elementor-size-default\">Opis projektu<\/h2>\t\t\t\t<\/div>\n\t\t\t\t<\/div>\n\t\t\t\t<div class=\"elementor-element elementor-element-71c10c0 elementor-widget elementor-widget-text-editor\" data-id=\"71c10c0\" data-element_type=\"widget\" data-e-type=\"widget\" data-widget_type=\"text-editor.default\">\n\t\t\t\t<div class=\"elementor-widget-container\">\n\t\t\t\t\t\t\t\t\t<p>Projekt EDU4Food jest ukierunkowany na rozw\u00f3j kompetencji w sektorach zwi\u0105zanych ze zr\u00f3wnowa\u017con\u0105 \u017cywno\u015bci\u0105, promuj\u0105c pog\u0142\u0119bienie wiedzy na temat g\u0142\u00f3wnych filar\u00f3w strategii \u201eFarm to Fork\u201d poprzez zastosowanie modu\u0142\u00f3w edukacyjnych, a tak\u017ce dzia\u0142a\u0144, metodologii i plan\u00f3w lekcji, kt\u00f3re s\u0105 zgodne <br \/>z celami zr\u00f3wnowa\u017conego rozwoju. Dzi\u0119ki opracowanym rezultatom projekt obejmuje testowanie innowacyjnych praktyk, kt\u00f3re przygotowuj\u0105 m\u0142odych uczni\u00f3w, osoby pracuj\u0105ce z m\u0142odzie\u017c\u0105, a tak\u017ce personel bior\u0105cy udzia\u0142 w projekcie do przyj\u0119cia zr\u00f3wnowa\u017conych zachowa\u0144. Praktyki te dotycz\u0105 m.in. oszcz\u0119dzania zasob\u00f3w, zmniejszania zu\u017cycia energii i ilo\u015bci odpad\u00f3w, r\u00f3wnowa\u017cenia \u015bladu w\u0119glowego oraz promowania zr\u00f3wnowa\u017conych wybor\u00f3w w zakresie produkcji i konsumpcji \u017cywno\u015bci. Projekt ma tak\u017ce na celu zmian\u0119 zachowa\u0144 na poziomie indywidualnym, ukierunkowan\u0105 na preferencje, nawyki konsumpcyjne i styl \u017cycia zgodny z zasadami inicjatywy New European Bauhaus.<\/p>\t\t\t\t\t\t\t\t<\/div>\n\t\t\t\t<\/div>\n\t\t\t\t<\/div>\n\t\t<div class=\"elementor-element elementor-element-5eaef57 e-con-full e-flex e-con e-child\" data-id=\"5eaef57\" data-element_type=\"container\" data-e-type=\"container\">\n\t\t\t\t<div class=\"elementor-element elementor-element-eb310f4 elementor-invisible elementor-widget elementor-widget-image\" data-id=\"eb310f4\" data-element_type=\"widget\" data-e-type=\"widget\" data-settings=\"{&quot;_animation&quot;:&quot;fadeInRight&quot;}\" data-widget_type=\"image.default\">\n\t\t\t\t<div class=\"elementor-widget-container\">\n\t\t\t\t\t\t\t\t\t\t\t\t\t\t\t<img fetchpriority=\"high\" decoding=\"async\" width=\"1024\" height=\"683\" src=\"https:\/\/edu4food.erasmus.site\/wp-content\/uploads\/2024\/05\/6613-1024x683.webp\" class=\"attachment-large size-large wp-image-32\" alt=\"\" srcset=\"https:\/\/edu4food.erasmus.site\/wp-content\/uploads\/2024\/05\/6613-1024x683.webp 1024w, https:\/\/edu4food.erasmus.site\/wp-content\/uploads\/2024\/05\/6613-300x200.webp 300w, https:\/\/edu4food.erasmus.site\/wp-content\/uploads\/2024\/05\/6613-768x512.webp 768w, https:\/\/edu4food.erasmus.site\/wp-content\/uploads\/2024\/05\/6613-930x620.webp 930w, https:\/\/edu4food.erasmus.site\/wp-content\/uploads\/2024\/05\/6613-24x16.webp 24w, https:\/\/edu4food.erasmus.site\/wp-content\/uploads\/2024\/05\/6613-36x24.webp 36w, https:\/\/edu4food.erasmus.site\/wp-content\/uploads\/2024\/05\/6613-48x32.webp 48w, https:\/\/edu4food.erasmus.site\/wp-content\/uploads\/2024\/05\/6613.webp 1500w\" sizes=\"(max-width: 1024px) 100vw, 1024px\" \/>\t\t\t\t\t\t\t\t\t\t\t\t\t\t\t<\/div>\n\t\t\t\t<\/div>\n\t\t\t\t<\/div>\n\t\t\t\t\t<\/div>\n\t\t\t\t<\/div>\n\t\t<div class=\"elementor-element elementor-element-3ca3cd7 e-flex e-con-boxed elementor-invisible e-con e-parent\" data-id=\"3ca3cd7\" data-element_type=\"container\" data-e-type=\"container\" data-settings=\"{&quot;animation&quot;:&quot;fadeInLeft&quot;}\">\n\t\t\t\t\t<div class=\"e-con-inner\">\n\t\t\t\t<div class=\"elementor-element elementor-element-47bb4b0 elementor-widget elementor-widget-menu-anchor\" data-id=\"47bb4b0\" data-element_type=\"widget\" data-e-type=\"widget\" data-widget_type=\"menu-anchor.default\">\n\t\t\t\t<div class=\"elementor-widget-container\">\n\t\t\t\t\t\t\t<div class=\"elementor-menu-anchor\" id=\"partners\"><\/div>\n\t\t\t\t\t\t<\/div>\n\t\t\t\t<\/div>\n\t\t\t\t<div class=\"elementor-element elementor-element-c1a67d6 elementor-widget elementor-widget-heading\" data-id=\"c1a67d6\" data-element_type=\"widget\" data-e-type=\"widget\" data-widget_type=\"heading.default\">\n\t\t\t\t<div class=\"elementor-widget-container\">\n\t\t\t\t\t<h2 class=\"elementor-heading-title elementor-size-default\">Partnerstwo<\/h2>\t\t\t\t<\/div>\n\t\t\t\t<\/div>\n\t\t\t\t\t<\/div>\n\t\t\t\t<\/div>\n\t\t<div class=\"elementor-element elementor-element-4d4b754 e-flex e-con-boxed e-con e-parent\" data-id=\"4d4b754\" data-element_type=\"container\" data-e-type=\"container\">\n\t\t\t\t\t<div class=\"e-con-inner\">\n\t\t<div class=\"elementor-element elementor-element-219c92d e-con-full e-flex e-con e-child\" data-id=\"219c92d\" data-element_type=\"container\" data-e-type=\"container\">\n\t\t\t\t<div class=\"elementor-element elementor-element-eb94bcb elementor-invisible elementor-widget elementor-widget-text-editor\" data-id=\"eb94bcb\" data-element_type=\"widget\" data-e-type=\"widget\" data-settings=\"{&quot;_animation&quot;:&quot;fadeInLeft&quot;}\" data-widget_type=\"text-editor.default\">\n\t\t\t\t<div class=\"elementor-widget-container\">\n\t\t\t\t\t\t\t\t\t\r\n\t<div class=\"paoc-image-popup\">\r\n\t\t<a class=\"paoc-popup-click paoc-popup-cust-82 paoc-popup-image paoc-popup-image\" href=\"javascript:void(0);\"><img decoding=\"async\" class=\"popupaoc-img\" src=\"https:\/\/www.edu4food.erasmus.site\/wp-content\/uploads\/2024\/05\/crossingborders.webp\" alt=\"\" \/><\/a>\r\n\r\n\t\t\t<\/div>\r\n\r\n\t\t\t\t\t\t\t\t<\/div>\n\t\t\t\t<\/div>\n\t\t\t\t<\/div>\n\t\t<div class=\"elementor-element elementor-element-7648534 e-con-full e-flex e-con e-child\" data-id=\"7648534\" data-element_type=\"container\" data-e-type=\"container\">\n\t\t\t\t<div class=\"elementor-element elementor-element-3c3ecad elementor-invisible elementor-widget elementor-widget-text-editor\" data-id=\"3c3ecad\" data-element_type=\"widget\" data-e-type=\"widget\" data-settings=\"{&quot;_animation&quot;:&quot;fadeInRight&quot;}\" data-widget_type=\"text-editor.default\">\n\t\t\t\t<div class=\"elementor-widget-container\">\n\t\t\t\t\t\t\t\t\t\r\n\t<div class=\"paoc-image-popup\">\r\n\t\t<a class=\"paoc-popup-click paoc-popup-cust-87 paoc-popup-image paoc-popup-image\" href=\"javascript:void(0);\"><img decoding=\"async\" class=\"popupaoc-img\" src=\"https:\/\/www.edu4food.erasmus.site\/wp-content\/uploads\/2024\/05\/kainotomia.webp\" alt=\"\" \/><\/a>\r\n\r\n\t\t\t<\/div>\r\n\r\n\t\t\t\t\t\t\t\t<\/div>\n\t\t\t\t<\/div>\n\t\t\t\t<\/div>\n\t\t\t\t\t<\/div>\n\t\t\t\t<\/div>\n\t\t<div class=\"elementor-element elementor-element-fad3ba1 e-flex e-con-boxed e-con e-parent\" data-id=\"fad3ba1\" data-element_type=\"container\" data-e-type=\"container\">\n\t\t\t\t\t<div class=\"e-con-inner\">\n\t\t<div class=\"elementor-element elementor-element-d99a021 e-con-full e-flex e-con e-child\" data-id=\"d99a021\" data-element_type=\"container\" data-e-type=\"container\">\n\t\t\t\t<div class=\"elementor-element elementor-element-244c2d9 elementor-invisible elementor-widget elementor-widget-text-editor\" data-id=\"244c2d9\" data-element_type=\"widget\" data-e-type=\"widget\" data-settings=\"{&quot;_animation&quot;:&quot;fadeInLeft&quot;}\" data-widget_type=\"text-editor.default\">\n\t\t\t\t<div class=\"elementor-widget-container\">\n\t\t\t\t\t\t\t\t\t\r\n\t<div class=\"paoc-image-popup\">\r\n\t\t<a class=\"paoc-popup-click paoc-popup-cust-92 paoc-popup-image paoc-popup-image\" href=\"javascript:void(0);\"><img decoding=\"async\" class=\"popupaoc-img\" src=\"https:\/\/www.edu4food.erasmus.site\/wp-content\/uploads\/2024\/05\/e-juniors.webp\" alt=\"\" \/><\/a>\r\n\r\n\t\t\t<\/div>\r\n\r\n\t\t\t\t\t\t\t\t<\/div>\n\t\t\t\t<\/div>\n\t\t\t\t<\/div>\n\t\t<div class=\"elementor-element elementor-element-0ee4d8b e-con-full e-flex e-con e-child\" data-id=\"0ee4d8b\" data-element_type=\"container\" data-e-type=\"container\">\n\t\t\t\t<div class=\"elementor-element elementor-element-51b9da7 elementor-invisible elementor-widget elementor-widget-text-editor\" data-id=\"51b9da7\" data-element_type=\"widget\" data-e-type=\"widget\" data-settings=\"{&quot;_animation&quot;:&quot;fadeInRight&quot;}\" data-widget_type=\"text-editor.default\">\n\t\t\t\t<div class=\"elementor-widget-container\">\n\t\t\t\t\t\t\t\t\t\r\n\t<div class=\"paoc-image-popup\">\r\n\t\t<a class=\"paoc-popup-click paoc-popup-cust-97 paoc-popup-image paoc-popup-image\" href=\"javascript:void(0);\"><img decoding=\"async\" class=\"popupaoc-img\" src=\"https:\/\/www.edu4food.erasmus.site\/wp-content\/uploads\/2024\/05\/cwep.webp\" alt=\"\" \/><\/a>\r\n\r\n\t\t\t<\/div>\r\n\r\n\t\t\t\t\t\t\t\t<\/div>\n\t\t\t\t<\/div>\n\t\t\t\t<\/div>\n\t\t\t\t\t<\/div>\n\t\t\t\t<\/div>\n\t\t<div class=\"elementor-element elementor-element-13fa603 e-flex e-con-boxed e-con e-parent\" data-id=\"13fa603\" data-element_type=\"container\" data-e-type=\"container\">\n\t\t\t\t\t<div class=\"e-con-inner\">\n\t\t\t\t<div class=\"elementor-element elementor-element-e4457b9 elementor-invisible elementor-widget elementor-widget-text-editor\" data-id=\"e4457b9\" data-element_type=\"widget\" data-e-type=\"widget\" data-settings=\"{&quot;_animation&quot;:&quot;fadeInLeft&quot;}\" data-widget_type=\"text-editor.default\">\n\t\t\t\t<div class=\"elementor-widget-container\">\n\t\t\t\t\t\t\t\t\t\r\n\t<div class=\"paoc-image-popup\">\r\n\t\t<a class=\"paoc-popup-click paoc-popup-cust-111 paoc-popup-image paoc-popup-image\" href=\"javascript:void(0);\"><img decoding=\"async\" class=\"popupaoc-img\" src=\"https:\/\/www.edu4food.erasmus.site\/wp-content\/uploads\/2024\/05\/innoeusaphiere.webp\" alt=\"\" \/><\/a>\r\n\r\n\t\t\t<\/div>\r\n\r\n\t\t\t\t\t\t\t\t<\/div>\n\t\t\t\t<\/div>\n\t\t\t\t\t<\/div>\n\t\t\t\t<\/div>\n\t\t\t\t<\/div>\n\t\t","protected":false},"excerpt":{"rendered":"<p>EDU4Food: Educating youth towards sustainable, healthy and equitable food systems Sektor: m\u0142odzie\u017c Numer projektu: 2023-2-DK01-KA220-YOU-000177114Czas realizacji: 01.03.2024 \u2013 28.02.2026 Opis projektu Projekt EDU4Food jest ukierunkowany na rozw\u00f3j kompetencji w sektorach zwi\u0105zanych ze zr\u00f3wnowa\u017con\u0105 \u017cywno\u015bci\u0105, promuj\u0105c pog\u0142\u0119bienie wiedzy na temat g\u0142\u00f3wnych filar\u00f3w strategii \u201eFarm to Fork\u201d poprzez zastosowanie modu\u0142\u00f3w edukacyjnych, a tak\u017ce dzia\u0142a\u0144, metodologii i plan\u00f3w&hellip;&nbsp;<\/p>\n","protected":false},"author":1,"featured_media":0,"parent":0,"menu_order":0,"comment_status":"closed","ping_status":"closed","template":"page-templates\/template-pagebuilder-full-width.php","meta":{"neve_meta_sidebar":"","neve_meta_container":"","neve_meta_enable_content_width":"off","neve_meta_content_width":100,"neve_meta_title_alignment":"","neve_meta_author_avatar":"","neve_post_elements_order":"","neve_meta_disable_header":"","neve_meta_disable_footer":"","neve_meta_disable_title":"","footnotes":""},"class_list":["post-11","page","type-page","status-publish","hentry"],"_links":{"self":[{"href":"https:\/\/edu4food.erasmus.site\/pl\/wp-json\/wp\/v2\/pages\/11","targetHints":{"allow":["GET"]}}],"collection":[{"href":"https:\/\/edu4food.erasmus.site\/pl\/wp-json\/wp\/v2\/pages"}],"about":[{"href":"https:\/\/edu4food.erasmus.site\/pl\/wp-json\/wp\/v2\/types\/page"}],"author":[{"embeddable":true,"href":"https:\/\/edu4food.erasmus.site\/pl\/wp-json\/wp\/v2\/users\/1"}],"replies":[{"embeddable":true,"href":"https:\/\/edu4food.erasmus.site\/pl\/wp-json\/wp\/v2\/comments?post=11"}],"version-history":[{"count":114,"href":"https:\/\/edu4food.erasmus.site\/pl\/wp-json\/wp\/v2\/pages\/11\/revisions"}],"predecessor-version":[{"id":271,"href":"https:\/\/edu4food.erasmus.site\/pl\/wp-json\/wp\/v2\/pages\/11\/revisions\/271"}],"wp:attachment":[{"href":"https:\/\/edu4food.erasmus.site\/pl\/wp-json\/wp\/v2\/media?parent=11"}],"curies":[{"name":"wp","href":"https:\/\/api.w.org\/{rel}","templated":true}]}}