{"id":273,"date":"2025-07-08T17:11:38","date_gmt":"2025-07-08T17:11:38","guid":{"rendered":"https:\/\/edu4food.erasmus.site\/?page_id=273"},"modified":"2026-03-21T19:18:11","modified_gmt":"2026-03-21T19:18:11","slug":"edu4food-interactive-space","status":"publish","type":"page","link":"https:\/\/edu4food.erasmus.site\/fr\/edu4food-interactive-space\/","title":{"rendered":"Espace interactif EDU4Food"},"content":{"rendered":"<p>Le <strong>Kit de Formation EDU4Food<\/strong> est une ressource p\u00e9dagogique con\u00e7ue pour informer et inspirer les jeunes sur les pratiques alimentaires durables, conform\u00e9ment \u00e0 la strat\u00e9gie \u00ab De la ferme \u00e0 la table \u00bb de l&rsquo;UE. Il fournit des connaissances approfondies sur des sujets tels que la production alimentaire durable, la s\u00e9curit\u00e9 alimentaire, la transformation, la distribution, la consommation et la r\u00e9duction du gaspillage alimentaire. Le kit comprend des quiz et des jeux interactifs en ligne, des recettes durables et des d\u00e9monstrations culinaires, une section sur les perspectives de carri\u00e8re pr\u00e9sentant des mod\u00e8les innovants dans le secteur alimentaire, ainsi qu&rsquo;un guide d&rsquo;activit\u00e9s destin\u00e9 \u00e0 aider les animateurs jeunesse \u00e0 concevoir des exp\u00e9riences \u00e9ducatives percutantes sur l&rsquo;alimentation.<\/p>\n<p>Toutes ces ressources et bien d&rsquo;autres encore prennent vie dans <strong>l&rsquo;Espace Interactif EDU4Food<\/strong>, une plateforme num\u00e9rique immersive accessible via le site internet du projet.<\/p>\n<p style=\"text-align: center;\"><a class=\"btn btn-primary\" role=\"button\" href=\"https:\/\/edu4food.erasmus.site\/interactive-space\/\" target=\"_blank\" rel=\"noopener\">Cliquez ici pour acc\u00e9der \u00e0 l&rsquo;Espace Interactif<\/a><\/p>\n<p>L&rsquo;Espace Interactif est con\u00e7u pour impliquer \u00e0 la fois <strong>les jeunes<\/strong> et <strong>les animateurs socio-\u00e9ducatifs<\/strong>, en offrant un environnement convivial et dynamique. Il comprend deux profils distincts :<\/p>\n<p><strong>Profil Jeune: <\/strong><\/p>\n<ul>\n<li><strong>Espace d&rsquo;apprentissage en ligne: <\/strong>modules WP2 sous forme de pr\u00e9sentations d&rsquo;apprentissage en ligne accessibles avec des quiz int\u00e9gr\u00e9s.<\/li>\n<li><strong>Jeu Escape Room: <\/strong>une exp\u00e9rience ludique et \u00e9ducative sur l&rsquo;agriculture durable, la production alimentaire et la nutrition.<\/li>\n<li><strong>Section \u00ab Perspectives de carri\u00e8re \u00bb: <\/strong>parcours inspirants dans l&rsquo;industrie alimentaire durable \u00e0 travers des \u00e9tudes de cas et des exemples entrepreneuriaux.<\/li>\n<li><strong>Recettes et d\u00e9monstrations culinaires: <\/strong>recettes saisonni\u00e8res, locales et durables, y compris les d\u00e9monstrations culinaires du WP2.<\/li>\n<\/ul>\n<p><strong>Profil Travailleur Jeunesse :<\/strong><\/p>\n<ul>\n<li><strong>Modules de formation et pr\u00e9sentations PowerPoint:<\/strong> contenu de formation brut et modifiable pour une personnalisation.<\/li>\n<li><strong>Guide d&rsquo;activit\u00e9s:<\/strong> plans de cours pr\u00eats \u00e0 l&#8217;emploi et m\u00e9thodes d&rsquo;\u00e9ducation non formelle, telles que des ateliers, des visites de fermes et des expositions sur l&rsquo;alimentation.<\/li>\n<li><strong>R\u00e9f\u00e9rentiel de ressources:<\/strong> une collection s\u00e9lectionn\u00e9e de supports p\u00e9dagogiques, d&rsquo;\u00e9tudes de cas et de bonnes pratiques sur les syst\u00e8mes alimentaires durables.<\/li>\n<\/ul>\n<p>Cet espace innovant permet aux jeunes et aux \u00e9ducateurs d&rsquo;apprendre, d&rsquo;enseigner et de promouvoir des pratiques alimentaires durables de mani\u00e8re attrayante, pratique et cr\u00e9ative.<\/p>\n<p><strong>\u00c0 l&rsquo;issue des activit\u00e9s de formation, les participants recevront des certificats num\u00e9riques validant leur apprentissage et leur investissement. <\/strong><\/p>\n<p><img fetchpriority=\"high\" decoding=\"async\" src=\"https:\/\/edu4food.erasmus.site\/wp-content\/uploads\/2025\/07\/edu4food-website-607x1024.webp\" sizes=\"(max-width: 607px) 100vw, 607px\" srcset=\"https:\/\/edu4food.erasmus.site\/wp-content\/uploads\/2025\/07\/edu4food-website-607x1024.webp 607w, https:\/\/edu4food.erasmus.site\/wp-content\/uploads\/2025\/07\/edu4food-website-178x300.webp 178w, https:\/\/edu4food.erasmus.site\/wp-content\/uploads\/2025\/07\/edu4food-website-768x1295.webp 768w, https:\/\/edu4food.erasmus.site\/wp-content\/uploads\/2025\/07\/edu4food-website-911x1536.webp 911w, https:\/\/edu4food.erasmus.site\/wp-content\/uploads\/2025\/07\/edu4food-website-1214x2048.webp 1214w, https:\/\/edu4food.erasmus.site\/wp-content\/uploads\/2025\/07\/edu4food-website-14x24.webp 14w, https:\/\/edu4food.erasmus.site\/wp-content\/uploads\/2025\/07\/edu4food-website-21x36.webp 21w, https:\/\/edu4food.erasmus.site\/wp-content\/uploads\/2025\/07\/edu4food-website-28x48.webp 28w, https:\/\/edu4food.erasmus.site\/wp-content\/uploads\/2025\/07\/edu4food-website.webp 1366w\" alt=\"\" width=\"607\" height=\"1024\" \/><\/p>","protected":false},"excerpt":{"rendered":"<p>Le Kit de Formation EDU4Food est une ressource p\u00e9dagogique con\u00e7ue pour informer et inspirer les jeunes sur les pratiques alimentaires durables, conform\u00e9ment \u00e0 la strat\u00e9gie \u00ab De la ferme \u00e0 la table \u00bb de l&rsquo;UE. Il fournit des connaissances approfondies sur des sujets tels que la production alimentaire durable, la s\u00e9curit\u00e9 alimentaire, la transformation, la&hellip;&nbsp;<\/p>\n","protected":false},"author":1,"featured_media":0,"parent":0,"menu_order":0,"comment_status":"closed","ping_status":"closed","template":"","meta":{"neve_meta_sidebar":"","neve_meta_container":"","neve_meta_enable_content_width":"off","neve_meta_content_width":100,"neve_meta_title_alignment":"","neve_meta_author_avatar":"","neve_post_elements_order":"","neve_meta_disable_header":"","neve_meta_disable_footer":"","neve_meta_disable_title":"","footnotes":""},"class_list":["post-273","page","type-page","status-publish","hentry"],"_links":{"self":[{"href":"https:\/\/edu4food.erasmus.site\/fr\/wp-json\/wp\/v2\/pages\/273","targetHints":{"allow":["GET"]}}],"collection":[{"href":"https:\/\/edu4food.erasmus.site\/fr\/wp-json\/wp\/v2\/pages"}],"about":[{"href":"https:\/\/edu4food.erasmus.site\/fr\/wp-json\/wp\/v2\/types\/page"}],"author":[{"embeddable":true,"href":"https:\/\/edu4food.erasmus.site\/fr\/wp-json\/wp\/v2\/users\/1"}],"replies":[{"embeddable":true,"href":"https:\/\/edu4food.erasmus.site\/fr\/wp-json\/wp\/v2\/comments?post=273"}],"version-history":[{"count":27,"href":"https:\/\/edu4food.erasmus.site\/fr\/wp-json\/wp\/v2\/pages\/273\/revisions"}],"predecessor-version":[{"id":338,"href":"https:\/\/edu4food.erasmus.site\/fr\/wp-json\/wp\/v2\/pages\/273\/revisions\/338"}],"wp:attachment":[{"href":"https:\/\/edu4food.erasmus.site\/fr\/wp-json\/wp\/v2\/media?parent=273"}],"curies":[{"name":"wp","href":"https:\/\/api.w.org\/{rel}","templated":true}]}}