{"id":228,"date":"2024-09-12T09:29:54","date_gmt":"2024-09-12T09:29:54","guid":{"rendered":"https:\/\/www.edu4food.erasmus.site\/?page_id=228"},"modified":"2025-03-06T13:28:03","modified_gmt":"2025-03-06T13:28:03","slug":"agd","status":"publish","type":"page","link":"https:\/\/edu4food.erasmus.site\/fr\/agd\/","title":{"rendered":"Ambassadors Log"},"content":{"rendered":"    <div class=\"page-with-form\">\n        <div class=\"form-container\">\n            <h1 class=\"form-title\">Ambassadors Log<\/h1>\n            <h2 class=\"form-subtitle\">\n                Remplissez le formulaire avec les informations correctes pour obtenir un guide de l'ambassadeur du projet EDU4FOOD. Apr\u00e8s avoir soumis le formulaire, vous aurez la possibilit\u00e9 de s\u00e9lectionner le fichier en anglais ou dans la langue que vous avez choisie dans le champ \u00ab Pays \u00bb.            <\/h2>\n            <form id=\"custom-form\" method=\"post\">\n                <div class=\"form-group\">\n                    <label for=\"name\">Pr\u00e9nom<\/label>\n                    <input type=\"text\" class=\"form-control\" id=\"name\" name=\"name\" required>\n                <\/div>\n                <div class=\"form-group\">\n                    <label for=\"country\">Pays<\/label>\n                    <select class=\"form-control\" id=\"country\" name=\"country\" required>\n                        <option value=\"DK\">Danemark<\/option>\n                        <option value=\"FR\">France<\/option>\n                        <option value=\"EL\">Gr\u00e8ce<\/option>\n                        <option value=\"CY\">Chypre<\/option>\n                        <option value=\"PL\">Pologne<\/option>\n                        <option value=\"other\">Autres<\/option>\n                        <!-- Dodaj inne kraje -->\n                    <\/select>\n                <\/div>\n                <div class=\"form-group\" id=\"other-country-group\" style=\"display:none;\">\n    <label for=\"other-country\">Veuillez pr\u00e9ciser votre pays<\/label>\n    <input type=\"text\" class=\"form-control\" id=\"other-country\" name=\"other_country\">\n<\/div>\n                <div class=\"form-group\">\n                    <label for=\"email\">E-mail<\/label>\n                    <input type=\"email\" class=\"form-control\" id=\"email\" name=\"email\" required>\n                <\/div>\n                <div class=\"form-group\">\n                    <input type=\"checkbox\" id=\"privacy_policy\" name=\"privacy_policy\" required>\n                    <label for=\"privacy_policy\">\n                        J'accepte la                        <a href=\"https:\/\/www.edu4food.erasmus.site\/edu4food-privacy-policy\" target=\"_blank\" rel=\"noopener noreferrer\">\n                            Politique de confidentialit\u00e9                        <\/a>\n                    <\/label>\n                <\/div>\n                <button type=\"submit\" class=\"btn btn-primary\">Envoyer et t\u00e9l\u00e9charger<\/button>\n            <\/form>\n\n            <!-- Popup Bootstrap -->\n            <div class=\"modal fade\" id=\"downloadModal\" tabindex=\"-1\" role=\"dialog\" aria-labelledby=\"downloadModalLabel\" aria-hidden=\"true\">\n                <div class=\"modal-dialog\" role=\"document\">\n                    <div class=\"modal-content\">\n                        <div class=\"modal-header\">\n                            <h5 class=\"modal-title\" id=\"downloadModalLabel\">T\u00e9l\u00e9charger le guide de l'ambassadeur<\/h5>\n                            <button type=\"button\" class=\"close\" data-dismiss=\"modal\" aria-label=\"Close\">\n                                <span aria-hidden=\"true\">&times;<\/span>\n                            <\/button>\n                        <\/div>\n                        <div class=\"modal-body text-center\">\n                            <p>S\u00e9lectionnez un fichier \u00e0 t\u00e9l\u00e9charger :<\/p>\n                            <button id=\"download-en\" class=\"btn btn-primary mb-2\" style=\"display:none;\">\n                                <!-- Wstaw SVG jako obrazek -->\n                                <img decoding=\"async\" src=\"https:\/\/edu4food.erasmus.site\/wp-content\/plugins\/edu4food-plugin\/svg\/download.svg\" alt=\"Download Icon\" style=\"width: 16px; height: 16px; margin-right: 8px;\">\n                                T\u00e9l\u00e9charger le guide en anglais                            <\/button>\n\n                            <button id=\"download-country\" class=\"btn btn-secondary\" style=\"display:none;\">\n                                <!-- Wstaw SVG jako obrazek -->\n                                <img decoding=\"async\" src=\"https:\/\/edu4food.erasmus.site\/wp-content\/plugins\/edu4food-plugin\/svg\/download.svg\" alt=\"Download Icon\" style=\"width: 16px; height: 16px; margin-right: 8px;\">\n                                T\u00e9l\u00e9charger le guide dans votre langue nationale                            <\/button>\n                        <\/div>\n                    <\/div>\n                <\/div>\n            <\/div>\n        <\/div>\n    <\/div>\n    \n","protected":false},"excerpt":{"rendered":"","protected":false},"author":1,"featured_media":0,"parent":0,"menu_order":0,"comment_status":"closed","ping_status":"closed","template":"","meta":{"neve_meta_sidebar":"","neve_meta_container":"","neve_meta_enable_content_width":"off","neve_meta_content_width":100,"neve_meta_title_alignment":"","neve_meta_author_avatar":"","neve_post_elements_order":"","neve_meta_disable_header":"","neve_meta_disable_footer":"","neve_meta_disable_title":"on","footnotes":""},"class_list":["post-228","page","type-page","status-publish","hentry"],"_links":{"self":[{"href":"https:\/\/edu4food.erasmus.site\/fr\/wp-json\/wp\/v2\/pages\/228","targetHints":{"allow":["GET"]}}],"collection":[{"href":"https:\/\/edu4food.erasmus.site\/fr\/wp-json\/wp\/v2\/pages"}],"about":[{"href":"https:\/\/edu4food.erasmus.site\/fr\/wp-json\/wp\/v2\/types\/page"}],"author":[{"embeddable":true,"href":"https:\/\/edu4food.erasmus.site\/fr\/wp-json\/wp\/v2\/users\/1"}],"replies":[{"embeddable":true,"href":"https:\/\/edu4food.erasmus.site\/fr\/wp-json\/wp\/v2\/comments?post=228"}],"version-history":[{"count":4,"href":"https:\/\/edu4food.erasmus.site\/fr\/wp-json\/wp\/v2\/pages\/228\/revisions"}],"predecessor-version":[{"id":252,"href":"https:\/\/edu4food.erasmus.site\/fr\/wp-json\/wp\/v2\/pages\/228\/revisions\/252"}],"wp:attachment":[{"href":"https:\/\/edu4food.erasmus.site\/fr\/wp-json\/wp\/v2\/media?parent=228"}],"curies":[{"name":"wp","href":"https:\/\/api.w.org\/{rel}","templated":true}]}}