{"id":273,"date":"2025-07-08T17:11:38","date_gmt":"2025-07-08T17:11:38","guid":{"rendered":"https:\/\/edu4food.erasmus.site\/?page_id=273"},"modified":"2026-03-21T19:18:11","modified_gmt":"2026-03-21T19:18:11","slug":"edu4food-interactive-space","status":"publish","type":"page","link":"https:\/\/edu4food.erasmus.site\/dk\/edu4food-interactive-space\/","title":{"rendered":"EDU4Food Interactive Space"},"content":{"rendered":"<p><\/p>\n<p><strong>EDU4Food Undervisningskit<\/strong> er en l\u00e6ringsressource designet til at informere og inspirere unge omkring b\u00e6redygtige madpraksisser i tr\u00e5d med EU&#8217;s Farm to Fork-strategi. Kittet giver omfattende viden om emner som b\u00e6redygtig f\u00f8devareproduktion, f\u00f8devaresikkerhed, forarbejdning, distribution, forbrug og reduktion af madspild. Det indeholder interaktive online quizzer og spil, b\u00e6redygtige opskrifter og madlavningsinstruktioner en sektion om karrieremuligheder med innovative modeller inden for f\u00f8devaresektoren, samt en aktivitetsguide, der st\u00f8tter ungdomsarbejdere i at udvikle meningsfulde l\u00e6ringsforl\u00f8b om mad.<\/p>\n<p>Alle disse ressourcer og mere bliver bragt til live i <strong>EDU4Foods Interaktive Rum<\/strong>, en digital og engagerende platform tilg\u00e6ngelig via projektets hjemmeside.<\/p>\n<p style=\"text-align: center;\"><a class=\"btn btn-primary\" role=\"button\" href=\"https:\/\/edu4food.erasmus.site\/interactive-space\/\" target=\"_blank\" rel=\"noopener\">Klik for at bes\u00f8ge det Interaktive Rum<\/a><\/p>\n<p>Det Interaktive Rum er m\u00e5lrettet b\u00e5de <strong>ung<\/strong>e og<strong> ungdomsarbejdere, <\/strong>og tilbyder et brugervenligt og dynamisk milj\u00f8 med to profiler:<\/p>\n<p><strong>Ungeprofil:<\/strong><\/p>\n<p><strong>E-l\u00e6ringsrum<\/strong>: WP2-modulerne tilpasset som tilg\u00e6ngelige pr\u00e6sentationer med integrerede quizzer.<\/p>\n<p><strong>Escape Room-spil<\/strong>: En sjov og l\u00e6rerig oplevelse om b\u00e6redygtigt landbrug, f\u00f8devareproduktion og ern\u00e6ring.<\/p>\n<p><strong>Karrieremuligheder<\/strong>: Inspirerende veje inden for den b\u00e6redygtige f\u00f8devarebranche med cases og eksempler p\u00e5 iv\u00e6rks\u00e6tteri.<\/p>\n<p><strong>Opskrifter &amp; madlavningsdemoer<\/strong>: S\u00e6sonbaserede, lokale og b\u00e6redygtige opskrifter, inklusive WP2\u2019s madlavningsinstruktioner<\/p>\n<p><strong>Ungdomsarbejderprofil:<\/strong><\/p>\n<p><strong>Tr\u00e6ningsmoduler &amp; pr\u00e6sentationer<\/strong>: Redigerbare materialer med mulighed for tilpasning.<\/p>\n<p><strong>Aktivitetsguide<\/strong>: Klar-til-brug undervisningsplaner og -metoder s\u00e5som workshops, g\u00e5rdbes\u00f8g og madmesser.<\/p>\n<p><strong>Vidensbank<\/strong>: Et specifikt udvalg af undervisningsmaterialer, cases og best practices inden for b\u00e6redygtige f\u00f8devaresystemer.<\/p>\n<p>Dette innovative rum g\u00f8r det muligt for b\u00e5de unge og undervisere at l\u00e6re, undervise og fremme b\u00e6redygtige madpraksisser p\u00e5 en engagerende, praktisk og kreativ m\u00e5de.<\/p>\n<p><strong>Efter gennemf\u00f8rsel af tr\u00e6ningsaktiviteterne modtager deltagerne digitale certifikater som bevis p\u00e5 deres l\u00e6ring og engagement.<\/strong> <\/p>\n<p><img fetchpriority=\"high\" decoding=\"async\" src=\"https:\/\/edu4food.erasmus.site\/wp-content\/uploads\/2025\/07\/edu4food-website-607x1024.webp\" sizes=\"(max-width: 607px) 100vw, 607px\" srcset=\"https:\/\/edu4food.erasmus.site\/wp-content\/uploads\/2025\/07\/edu4food-website-607x1024.webp 607w, https:\/\/edu4food.erasmus.site\/wp-content\/uploads\/2025\/07\/edu4food-website-178x300.webp 178w, https:\/\/edu4food.erasmus.site\/wp-content\/uploads\/2025\/07\/edu4food-website-768x1295.webp 768w, https:\/\/edu4food.erasmus.site\/wp-content\/uploads\/2025\/07\/edu4food-website-911x1536.webp 911w, https:\/\/edu4food.erasmus.site\/wp-content\/uploads\/2025\/07\/edu4food-website-1214x2048.webp 1214w, https:\/\/edu4food.erasmus.site\/wp-content\/uploads\/2025\/07\/edu4food-website-14x24.webp 14w, https:\/\/edu4food.erasmus.site\/wp-content\/uploads\/2025\/07\/edu4food-website-21x36.webp 21w, https:\/\/edu4food.erasmus.site\/wp-content\/uploads\/2025\/07\/edu4food-website-28x48.webp 28w, https:\/\/edu4food.erasmus.site\/wp-content\/uploads\/2025\/07\/edu4food-website.webp 1366w\" alt=\"\" width=\"607\" height=\"1024\" \/><\/p>","protected":false},"excerpt":{"rendered":"<p>EDU4Food Undervisningskit er en l\u00e6ringsressource designet til at informere og inspirere unge omkring b\u00e6redygtige madpraksisser i tr\u00e5d med EU&#8217;s Farm to Fork-strategi. Kittet giver omfattende viden om emner som b\u00e6redygtig f\u00f8devareproduktion, f\u00f8devaresikkerhed, forarbejdning, distribution, forbrug og reduktion af madspild. Det indeholder interaktive online quizzer og spil, b\u00e6redygtige opskrifter og madlavningsinstruktioner en sektion om karrieremuligheder med&hellip;&nbsp;<\/p>\n","protected":false},"author":1,"featured_media":0,"parent":0,"menu_order":0,"comment_status":"closed","ping_status":"closed","template":"","meta":{"neve_meta_sidebar":"","neve_meta_container":"","neve_meta_enable_content_width":"off","neve_meta_content_width":100,"neve_meta_title_alignment":"","neve_meta_author_avatar":"","neve_post_elements_order":"","neve_meta_disable_header":"","neve_meta_disable_footer":"","neve_meta_disable_title":"","footnotes":""},"class_list":["post-273","page","type-page","status-publish","hentry"],"_links":{"self":[{"href":"https:\/\/edu4food.erasmus.site\/dk\/wp-json\/wp\/v2\/pages\/273","targetHints":{"allow":["GET"]}}],"collection":[{"href":"https:\/\/edu4food.erasmus.site\/dk\/wp-json\/wp\/v2\/pages"}],"about":[{"href":"https:\/\/edu4food.erasmus.site\/dk\/wp-json\/wp\/v2\/types\/page"}],"author":[{"embeddable":true,"href":"https:\/\/edu4food.erasmus.site\/dk\/wp-json\/wp\/v2\/users\/1"}],"replies":[{"embeddable":true,"href":"https:\/\/edu4food.erasmus.site\/dk\/wp-json\/wp\/v2\/comments?post=273"}],"version-history":[{"count":27,"href":"https:\/\/edu4food.erasmus.site\/dk\/wp-json\/wp\/v2\/pages\/273\/revisions"}],"predecessor-version":[{"id":338,"href":"https:\/\/edu4food.erasmus.site\/dk\/wp-json\/wp\/v2\/pages\/273\/revisions\/338"}],"wp:attachment":[{"href":"https:\/\/edu4food.erasmus.site\/dk\/wp-json\/wp\/v2\/media?parent=273"}],"curies":[{"name":"wp","href":"https:\/\/api.w.org\/{rel}","templated":true}]}}