{"id":232,"date":"2024-09-12T14:47:06","date_gmt":"2024-09-12T14:47:06","guid":{"rendered":"https:\/\/www.edu4food.erasmus.site\/?page_id=232"},"modified":"2024-09-20T15:19:26","modified_gmt":"2024-09-20T15:19:26","slug":"edu4food-privacy-policy","status":"publish","type":"page","link":"https:\/\/edu4food.erasmus.site\/dk\/edu4food-privacy-policy\/","title":{"rendered":"EDU4Food Privatlivspolitik"},"content":{"rendered":"<p>I henhold til den europ\u00e6iske lov om beskyttelse af persondata \u2013 den generelle forordning om databeskyttelse (GDPR) \u2013 vil vi gerne informere dig om, at dine persondata, som du skal give for at f\u00e5 adgang til EDU4Food interaktive rum, kun bruges til administrative form\u00e5l. For detaljer, l\u00e6s venligst vores privatlivspolitik.<\/p>\n<p>Hver gang nedenst\u00e5ende privatlivspolitik n\u00e6vner &#8220;tjenesten&#8221;, refererer det til EDU4Food interaktive rum, der er oprettet inden for projektet EDU4Food (projektnummer 2023-2-DK01-KA220-YOU-000177114), tilg\u00e6ngeligt p\u00e5 https:\/\/edu4food.erasmus.site\/, finansieret af Europa-Kommissionen under Erasmus+ programmet.<\/p>\n<p>Organisationen &#8220;Centrum Wspierania Edukacji i Przedsi\u0119biorczo\u015bci&#8221; (herefter ben\u00e6vnt CWEP) med kontor i Rzesz\u00f3w, 35-068, ul. Grunwaldzka 16C, registreret ved distriktsretten i Rzesz\u00f3w, XII Kommercielle Afdeling af National Domstolsregister, KRS nummer 0000211526, indehaver af skatteidentifikationsnummer NIP: 813-351-94-55 og statistisk nummer REGON 180189259, er administrator af de persondata, der leveres i forbindelse med brugen af tjenesten, herefter ben\u00e6vnt &#8220;Persondata&#8221;. De leverede persondata behandles i overensstemmelse med forordning (EU) 2016\/679 fra Europa-Parlamentet og R\u00e5det af 27. april 2016 om beskyttelse af fysiske personer i forbindelse med behandling af persondata og om fri bev\u00e6gelighed for s\u00e5danne data.<\/p>\n<p>Brug af den tjeneste, som CWEP leverer, indeb\u00e6rer, at du accepterer indsamlingen af oplysninger og brugen af n\u00e6vnte oplysninger p\u00e5 en m\u00e5de, der er i overensstemmelse med de heri specificerede principper.<\/p>\n<p>De behandlede persondata opbevares i den periode, tjenesten bruges. Hvis tjenesten ikke har v\u00e6ret brugt (tilg\u00e5et) i en periode p\u00e5 12 m\u00e5neder, kan persondata permanent slettes i overensstemmelse med denne privatlivspolitik.<\/p>\n<p>Brugeren har ret til at tr\u00e6kke det samtykke, der er givet til behandling af persondata, tilbage p\u00e5 ethvert tidspunkt. Tilbagetr\u00e6kningen af samtykke p\u00e5virker ikke lovligheden af den behandling, der er baseret p\u00e5 samtykket, f\u00f8r det tr\u00e6kkes tilbage. Brugeren har ret til at indgive en klage til en tilsynsmyndighed.<\/p>\n<h2>Hvilke slags data vi indsamler<\/h2>\n<p>For at bruge tjenesten er du forpligtet til at give visse persondata (navn, e-mailadresse og eventuelt yderligere data, der kan tilf\u00f8jes til profilen). Hvis du ikke leverer disse oplysninger, vil vi ikke kunne give dig adgang til tjenesten.<\/p>\n<p>Det er vigtigt at bem\u00e6rke, at samtykke fra tredjeparter kr\u00e6ves, hvis persondata fra en tredjepart videregives til CWEP. CWEP anmoder om, at alle leverede persondata er gyldige, n\u00f8jagtige og opdaterede, og at alle \u00e6ndringer indf\u00f8res s\u00e5 hurtigt som muligt.<\/p>\n<p>Hver gang du tilg\u00e5r tjenesten, downloader vores netv\u00e6rksserver automatisk oplysninger om bes\u00f8get. Disse oplysninger inkluderer: dom\u00e6ne-URL eller webstedsdom\u00e6ne, den anvendte browsertype, operativsystemet, de tilg\u00e5ede websteder samt dato og tidspunkt for bes\u00f8get. Derudover indsamles pseudonymiserede data om bes\u00f8g, der udelukkende bruges til at levere teknisk support og for at beskytte vores rettigheder i tilf\u00e6lde af sikkerhedsbrud eller overtr\u00e6delse af brugen af tjenesten. Hvis s\u00e5danne oplysninger kan tilskrives dig, sker denne handling i overensstemmelse med denne privatlivspolitik.<\/p>\n<p>Alle n\u00f8dvendige login-data, der sendes mellem tjenestebes\u00f8gende og CWEP, krypteres, hvilket hj\u00e6lper med at minimere risikoen for datal\u00e6k.<\/p>\n<h2>Form\u00e5l med brug af oplysninger<\/h2>\n<p>Indsamlingen af persondata fra CWEP sigter mod at give brugerne sikker, problemfri og skr\u00e6ddersyet adgang til tjenesten. Desuden bruges de af CWEP modtagne persondata til at registrere brugeren og give adgang til tjenesten.<\/p>\n<p>Persondata eller dele af disse kan ogs\u00e5 deles med andre brugere af tjenesten, afh\u00e6ngigt af brugerens profilindstillinger.<\/p>\n<p>CWEP indsamler og behandler brugerens persondata eller p\u00e5l\u00e6gger tredjeparter at g\u00f8re det i foreningens navn i det omfang, det er tilladt eller n\u00f8dvendigt for at levere tjenesten og bist\u00e5 med at l\u00f8se problemer, sammenligne oplysninger for at sikre deres n\u00f8jagtighed, l\u00f8se tvister, verificere brugerens identitet, tilpasse, analysere og forbedre tjenesten, beskytte brugerens og CWEP&#8217;s interesser samt forhindre og bek\u00e6mpe bedrageri. De afgivne persondata kan ogs\u00e5 bruges til at levere teknisk support, udvikle nye funktionaliteter baseret p\u00e5 den leverede tjeneste og forbedre dem for at \u00f8ge brugervenligheden.<\/p>\n<h2>Politik for dataopbevaring og backup<\/h2>\n<p>Alle produktionssystemer sikres med daglige sikkerhedskopier, som g\u00f8r det muligt for CWEP hurtigt at reagere i tilf\u00e6lde af uforudsete h\u00e6ndelser, s\u00e5som hardwarefejl. Dette betyder, at n\u00e5r en anmodning om sletning af persondata modtages, fjernes de uden un\u00f8dvendig forsinkelse fra produktionssystemerne, men forbliver i sikkerhedskopierne. Persondata slettes endeligt efter en fuld backup-cyklus, som kan tage op til 60 kalenderdage.<\/p>\n<h2>Videregivelse af data til tredjeparter<\/h2>\n<p>Indsamlede persondata vil ikke blive solgt eller videregivet til nogen tredjeparter, medmindre der er en forpligtelse til at g\u00f8re det if\u00f8lge loven, i tilf\u00e6lde af overtr\u00e6delse af g\u00e6ldende regler, eller for at beskytte CWEP&#8217;s eller andres rettigheder mod ulovlige eller skadelige handlinger.<\/p>\n<p>CWEP kan v\u00e6re forpligtet til at videregive persondata til Erasmus+, EU\u2019s program for uddannelse, ungdom og idr\u00e6t, der er ansvarlig for det p\u00e5g\u00e6ldende projekt, med henblik p\u00e5 revision. En s\u00e5dan anmodning kan ogs\u00e5 udstedes af det tilsynsorgan, som overv\u00e5ger Erasmus+, nemlig Europa-Kommissionen.<\/p>\n<p>CWEP forbeholder sig ret til at videregive persondata til visse tredjeparter, s\u00e5som CWEPs underleverand\u00f8rer, der er ansat til at udf\u00f8re visse nuv\u00e6rende forretningsaktiviteter. Det skal bem\u00e6rkes, at CWEP udviser den forn\u00f8dne omhu for at sikre, at de tredjeparter, til hvilke persondata videregives til de ovenn\u00e6vnte form\u00e5l, behandler persondata i overensstemmelse med CWEP&#8217;s privatlivspolitik og p\u00e5 en m\u00e5de, der er i overensstemmelse med g\u00e6ldende lovgivning. Desuden kan brugerens persondata videregives i tilf\u00e6lde af salg eller omstrukturering af CWEP.<\/p>\n<h2>Cookies<\/h2>\n<p>Brugen af cookies af CWEP er n\u00f8dvendig for at sikre optimal funktionalitet af tjenesten. Cookies gemmes p\u00e5 CWEP&#8217;s harddisk og kan bruges til at tilpasse brugerens individuelle pr\u00e6ferencer samt til at indsamle generelle statistiske data.<\/p>\n<h2>\u00c6ndringer i persondata<\/h2>\n<p>Brugeren har ret til at anmode om adgang til og berigtigelse eller sletning (&#8220;retten til at blive glemt&#8221;) af persondata eller begr\u00e6nsning af behandling af data eller til at g\u00f8re indsigelse mod behandling samt retten til dataportabilitet. Nogle oplysninger kan vises og redigeres via internettet ved hj\u00e6lp af en internetbrowser, n\u00e5r man logger ind p\u00e5 den tjeneste, der leveres af CWEP.<\/p>\n<p>CWEP vil svare p\u00e5 anmodninger om visning, rettelse, udfyldelse og sletning af persondata inden for rimelig tid og efter verifikation af brugerens identitet.<\/p>\n<p>CWEP vil g\u00f8re alt for at im\u00f8dekomme brugernes anmodninger om at slette persondata, medmindre disse data skal opbevares p\u00e5 grund af g\u00e6ldende lov eller forretningsm\u00e6ssige form\u00e5l.<\/p>\n<h2>Deaktivering af konto<\/h2>\n<p>&nbsp;<\/p>\n<p>Efter modtagelse af en anmodning om sletning af persondata vil de p\u00e5g\u00e6ldende persondata blive l\u00e5st uden un\u00f8dig forsinkelse, og adgang til tjenesten vil ikke l\u00e6ngere v\u00e6re mulig. Persondataene vil blive opbevaret i op til 30 kalenderdage, hvilket g\u00f8r det muligt at gendanne dem, hvis anmodningen om deaktivering af kontoen blev fremsat ved en fejltagelse. Efter 30 kalenderdage vil gendannelse af persondata ikke l\u00e6ngere v\u00e6re mulig.<\/p>\n<p>For at bevare igangv\u00e6rende aktiviteter og forhindre forvirring blandt andre brugere vil visse oplysninger ikke blive slettet. Dette inkluderer alle oplysninger, der er givet og indtastet til tjenesten (s\u00e5som for eksempel meddelelser eller filer). Efter kontoens deaktivering vil disse oplysninger blive m\u00e6rket som &#8220;Deaktiveret bruger&#8221;. F\u00f8r en anmodning om deaktivering af kontoen kan det n\u00e6vnte indhold slettes manuelt.<\/p>\n<h2>B\u00f8rn<\/h2>\n<p>Tjenesten er ikke beregnet til b\u00f8rn under 18 \u00e5r og er heller ikke designet til at tiltr\u00e6kke deres opm\u00e6rksomhed. CWEP indsamler ikke bevidst persondata fra b\u00f8rn under 18 \u00e5r, og i visse jurisdiktioner fra b\u00f8rn under 18 \u00e5r, p\u00e5 en tilsigtet og bevidst m\u00e5de. Vi opfordrer for\u00e6ldre til at interessere sig for deres b\u00f8rns internetaktivitet for at sikre, at der ikke indsamles oplysninger fra b\u00f8rn uden for\u00e6ldresamtykke.<\/p>\n<h2>Sikkerhed<\/h2>\n<p>CWEP anvender tekniske og organisatoriske midler til at beskytte de persondata, der indsamles af CWEP, mod uautoriseret adgang eller forkert brug af uautoriserede personer. De anvendte metoder og tekniske midler forbedres i takt med udviklingen af nye teknologier, behov og tilg\u00e6ngelige beskyttelsesmetoder.<\/p>\n<h2>Databeskyttelse og opbevaring<\/h2>\n<p>De oplysninger, der indsamles af CWEP, opbevares i en rimelig periode for at muligg\u00f8re deres anvendelse til de form\u00e5l, der er specificeret heri. CWEP kan bruge tjenester fra tredjeparter (virksomheder) til at indsamle og opbevare de indsamlede oplysninger p\u00e5 CWEP&#8217;s vegne. Alle s\u00e5danne virksomheder skal opfylde kravene i denne privatlivspolitik.<\/p>\n<h2>\u00c6ndringer i privatlivspolitikken<\/h2>\n<p>CWEP forbeholder sig retten til at \u00e6ndre principperne i denne privatlivspolitik p\u00e5 ethvert tidspunkt. Brugernes rettigheder i henhold til denne privatlivspolitik vil ikke blive begr\u00e6nset uden brugerens samtykke.<\/p>\n<p>Alle \u00e6ndringer i denne privatlivspolitik vil blive offentliggjort p\u00e5 en tydelig m\u00e5de p\u00e5 den tjeneste, som CWEP tilbyder. Brugerne af CWEP-tjenesten er underlagt den g\u00e6ldende version af privatlivspolitikken. De tidligere versioner af denne privatlivspolitik opbevares i arkiver for at give brugerne mulighed for at blive bekendt med dem, hvis n\u00f8dvendigt.<\/p>\n<h2>Kontakt<\/h2>\n<p>Alle anmodninger om adgang til dine oplysninger, \u00e6ndring af dine oplysninger eller sp\u00f8rgsm\u00e5l vedr\u00f8rende denne privatlivspolitik skal sendes ved hj\u00e6lp af vores\u00a0kontaktformular, via\u00a0e-mail\u00a0eller skriftligt til f\u00f8lgende adresse:<\/p>\n<p>Stowarzyszenie \u201cCentrum Wspierania Edukacji i Przedsi\u0119biorczo\u015bci\u201d<\/p>\n<p>Grunwaldzka 16C<\/p>\n<p>35-068 Rzesz\u00f3w<\/p>\n<p>Polen<\/p>","protected":false},"excerpt":{"rendered":"<p>I henhold til den europ\u00e6iske lov om beskyttelse af persondata \u2013 den generelle forordning om databeskyttelse (GDPR) \u2013 vil vi gerne informere dig om, at dine persondata, som du skal give for at f\u00e5 adgang til EDU4Food interaktive rum, kun bruges til administrative form\u00e5l. For detaljer, l\u00e6s venligst vores privatlivspolitik. Hver gang nedenst\u00e5ende privatlivspolitik n\u00e6vner&hellip;&nbsp;<\/p>\n","protected":false},"author":1,"featured_media":0,"parent":0,"menu_order":0,"comment_status":"closed","ping_status":"closed","template":"","meta":{"neve_meta_sidebar":"","neve_meta_container":"","neve_meta_enable_content_width":"off","neve_meta_content_width":100,"neve_meta_title_alignment":"","neve_meta_author_avatar":"","neve_post_elements_order":"","neve_meta_disable_header":"","neve_meta_disable_footer":"","neve_meta_disable_title":"","footnotes":""},"class_list":["post-232","page","type-page","status-publish","hentry"],"_links":{"self":[{"href":"https:\/\/edu4food.erasmus.site\/dk\/wp-json\/wp\/v2\/pages\/232","targetHints":{"allow":["GET"]}}],"collection":[{"href":"https:\/\/edu4food.erasmus.site\/dk\/wp-json\/wp\/v2\/pages"}],"about":[{"href":"https:\/\/edu4food.erasmus.site\/dk\/wp-json\/wp\/v2\/types\/page"}],"author":[{"embeddable":true,"href":"https:\/\/edu4food.erasmus.site\/dk\/wp-json\/wp\/v2\/users\/1"}],"replies":[{"embeddable":true,"href":"https:\/\/edu4food.erasmus.site\/dk\/wp-json\/wp\/v2\/comments?post=232"}],"version-history":[{"count":2,"href":"https:\/\/edu4food.erasmus.site\/dk\/wp-json\/wp\/v2\/pages\/232\/revisions"}],"predecessor-version":[{"id":237,"href":"https:\/\/edu4food.erasmus.site\/dk\/wp-json\/wp\/v2\/pages\/232\/revisions\/237"}],"wp:attachment":[{"href":"https:\/\/edu4food.erasmus.site\/dk\/wp-json\/wp\/v2\/media?parent=232"}],"curies":[{"name":"wp","href":"https:\/\/api.w.org\/{rel}","templated":true}]}}